{"id":152,"date":"2020-10-14T18:34:13","date_gmt":"2020-10-14T18:34:13","guid":{"rendered":"http:\/\/fesapirn.org.br\/?page_id=152"},"modified":"2024-03-11T13:44:23","modified_gmt":"2024-03-11T13:44:23","slug":"diretoria-executiva","status":"publish","type":"page","link":"https:\/\/fesapirn.org.br\/?page_id=152","title":{"rendered":"Diretoria Executiva"},"content":{"rendered":"\n<figure class=\"wp-block-table is-style-stripes\"><table class=\"table table-hover\"><tbody><tr><td>FUN\u00c7\u00c3O<\/td><td>NOME<\/td><\/tr><tr><td>PRESIDENTE<\/td><td>MARIA DE FATIMA DE SOUZA<\/td><\/tr><tr><td>VICE PRESIDENTE<\/td><td>CID RICARDO REGALADO FURSTENBERGER<\/td><\/tr><tr><td>SECRET\u00c1RIO GERAL<\/td><td>LUZINETE EDUARDO DA SILVA<\/td><\/tr><tr><td>ADJUNTO DE SECRET\u00c1RIA<\/td><td>MARTA MARIA MENEZES DE SOUZA<\/td><\/tr><tr><td>FINANCEIRO E PATRIMONIAL<\/td><td>SILBERTO RAIMUNDO DA SILVA<\/td><\/tr><tr><td>ADJUNTO DE FINAN\u00c7AS<\/td><td>FRANCISCO EVANGELISTA FERREIRA <\/td><\/tr><tr><td>&nbsp;<\/td><td>&nbsp;<\/td><\/tr><\/tbody><\/table><\/figure>\n","protected":false},"excerpt":{"rendered":"<p>FUN\u00c7\u00c3O NOME PRESIDENTE MARIA DE FATIMA DE SOUZA VICE PRESIDENTE CID RICARDO REGALADO FURSTENBERGER SECRET\u00c1RIO GERAL LUZINETE EDUARDO DA SILVA ADJUNTO DE SECRET\u00c1RIA MARTA MARIA MENEZES DE SOUZA FINANCEIRO E PATRIMONIAL SILBERTO RAIMUNDO DA SILVA ADJUNTO DE FINAN\u00c7AS FRANCISCO EVANGELISTA FERREIRA &nbsp; &nbsp;<\/p>\n","protected":false},"author":1,"featured_media":0,"parent":2,"menu_order":0,"comment_status":"closed","ping_status":"closed","template":"","meta":{"footnotes":""},"class_list":["post-152","page","type-page","status-publish","hentry"],"_links":{"self":[{"href":"https:\/\/fesapirn.org.br\/index.php?rest_route=\/wp\/v2\/pages\/152","targetHints":{"allow":["GET"]}}],"collection":[{"href":"https:\/\/fesapirn.org.br\/index.php?rest_route=\/wp\/v2\/pages"}],"about":[{"href":"https:\/\/fesapirn.org.br\/index.php?rest_route=\/wp\/v2\/types\/page"}],"author":[{"embeddable":true,"href":"https:\/\/fesapirn.org.br\/index.php?rest_route=\/wp\/v2\/users\/1"}],"replies":[{"embeddable":true,"href":"https:\/\/fesapirn.org.br\/index.php?rest_route=%2Fwp%2Fv2%2Fcomments&post=152"}],"version-history":[{"count":3,"href":"https:\/\/fesapirn.org.br\/index.php?rest_route=\/wp\/v2\/pages\/152\/revisions"}],"predecessor-version":[{"id":317,"href":"https:\/\/fesapirn.org.br\/index.php?rest_route=\/wp\/v2\/pages\/152\/revisions\/317"}],"up":[{"embeddable":true,"href":"https:\/\/fesapirn.org.br\/index.php?rest_route=\/wp\/v2\/pages\/2"}],"wp:attachment":[{"href":"https:\/\/fesapirn.org.br\/index.php?rest_route=%2Fwp%2Fv2%2Fmedia&parent=152"}],"curies":[{"name":"wp","href":"https:\/\/api.w.org\/{rel}","templated":true}]}}